{"id":2,"date":"2019-01-29T18:34:25","date_gmt":"2019-01-29T18:34:25","guid":{"rendered":"http:\/\/endometriosismexico.com\/\/?page_id=2"},"modified":"2024-01-23T17:17:09","modified_gmt":"2024-01-23T17:17:09","slug":"sample-page","status":"publish","type":"page","link":"https:\/\/endometriosismexico.com\/","title":{"rendered":""},"content":{"rendered":"<p style=\"text-align: center;\"><span style=\"color: #ffdf37; font-size: 53px;\"><strong><span style=\"font-family: Poppins;\">El alivio del dolor deber\u00eda ser un derecho humano.<\/span><\/strong><\/span><\/p>\r\n<p style=\"text-align: center;\"><span style=\"color: #000000;\">OMS conmemora D\u00eda Mundial contra el Dolor, por primera vez en 2004.<\/span><\/p>\r\n<p><img loading=\"lazy\" decoding=\"async\" class=\"aligncenter wp-image-622 size-full\" src=\"https:\/\/endometriosismexico.com\/wp-content\/uploads\/2024\/01\/vista-cinta-amarilla-manos-humanas.jpg\" width=\"580\" height=\"550\" srcset=\"https:\/\/endometriosismexico.com\/wp-content\/uploads\/2024\/01\/vista-cinta-amarilla-manos-humanas.jpg 580w, https:\/\/endometriosismexico.com\/wp-content\/uploads\/2024\/01\/vista-cinta-amarilla-manos-humanas-300x284.jpg 300w\" sizes=\"(max-width: 580px) 100vw, 580px\" \/><\/p>\r\n<p style=\"text-align: left;\"><span style=\"color: #000000; font-family: Poppins; font-size: 16px;\"><strong>En el a\u00f1o 2009<\/strong>, pacientes con endometriosis, tuvimos la fortuna de conocernos, compartirnos nuestras historias y nos dimos cuenta de que todas hab\u00edamos pasado por lo mismo; largos tratamientos sin resultado, un peregrinar de m\u00e9dicos, cirug\u00edas y diagn\u00f3sticos mal hechos.<\/span><\/p>\r\n<p style=\"text-align: left;\"><span style=\"color: #000000; font-family: Poppins; font-size: 16px;\"><strong>Entendimos que la endometriosis no tiene cura<\/strong>. Si se atiende a tiempo o si su desarrollo es leve se puede controlar, pero tambi\u00e9n, puede ser una enfermedad muy dif\u00edcil y complicada cuando invade nuestros \u00f3rganos y cuando se llega a afectar la fertilidad.<\/span><\/p>\r\n<p style=\"text-align: left;\"><span style=\"font-size: 16px;\"><span style=\"color: #000000; font-family: Poppins;\">En M\u00e9xico hay un promedio de diagn\u00f3stico de 9 a\u00f1os y hay muy pocos ginec\u00f3logos que conocen y saben operar la endometriosis. \u00c9sta enfermedad afecta no solo f\u00edsicamente, tambi\u00e9n emocionalmente, debido a que es una enfermedad a\u00fan desconocida. <\/span><span style=\"color: #000000; font-family: Poppins;\">Hay una severa incomprensi\u00f3n de toda la gente cercana o no a nosotras e incluso de m\u00e9dicos. <\/span><span style=\"color: #000000; font-family: Poppins;\">Muchas pacientes hemos escuchado decir que el problema est\u00e1 en nuestra cabeza y que necesitamos a un psiquiatra.<\/span><\/span><\/p>\r\n<p style=\"text-align: left;\"><span style=\"color: #000000; font-family: Poppins; font-size: 16px;\">La endometriosis nos cambi\u00f3 la vida, pero todas las pacientes con endometriosis tenemos sue\u00f1os en com\u00fan: investigaci\u00f3n acerca de la endometriosis, que cuando se mencione la palabra \u201cendometriosis\u201d cualquier persona la conozca, y lo m\u00e1s importante: Que se encuentre la cura.<\/span><\/p>\r\n<p style=\"text-align: left;\"><span style=\"font-size: 16px;\"><span style=\"color: #000000; font-family: Poppins;\">En Endometriosis M\u00e9xico, las pacientes, nos hemos unido, escuchamos a todas las que viven o han vivido lo que nosotras y hoy les decimos:\u00a0<strong>\u201cYA NO ESTAS SOLA\u201d. <\/strong><\/span><span style=\"color: #000000; font-family: Poppins;\">En este camino, se han unido a nuestra causa, mujeres sin endometriosis y amigos voluntariamente, juntos, estamos trabajando en este tan complicado camino amarillo para que nos toque a todas las mujeres con endometriosis, vivir estos sue\u00f1os tan anhelados y que tengamos un trato DIGNO.<\/span><\/span><\/p>\r\n<p style=\"padding-left: 40px; text-align: center;\"><span style=\"color: #000000; font-family: Poppins;\"><!-- \/wp:paragraph --><\/span><\/p>\r\n<p style=\"padding-left: 40px; text-align: center;\"><span style=\"font-family: Poppins; color: #000000;\"><!-- wp:paragraph --><\/span><\/p>\r\n<p style=\"padding-left: 40px; text-align: center;\"><span style=\"color: #000000; font-family: Poppins;\"><!-- \/wp:paragraph --><\/span><\/p>\r\n<p style=\"padding-left: 40px; text-align: center;\"><span style=\"font-family: Poppins; color: #000000;\"><!-- wp:paragraph --><\/span><\/p>\r\n<p style=\"padding-left: 40px; text-align: center;\"><span style=\"color: #000000; font-family: Poppins;\"><!-- \/wp:paragraph --><\/span><\/p>\r\n<p style=\"padding-left: 40px; text-align: center;\"><span style=\"font-family: Poppins; color: #000000;\"><!-- wp:paragraph --><\/span><\/p>\r\n<p style=\"padding-left: 40px; text-align: center;\"><span style=\"color: #000000; font-family: Poppins;\"><!-- \/wp:paragraph --><\/span><\/p>\r\n<p style=\"padding-left: 40px; text-align: center;\"><span style=\"font-family: Poppins; color: #000000;\"><!-- wp:paragraph --><\/span><\/p>\r\n<p>&nbsp;<\/p>\r\n<p><span style=\"color: #ffdf37; font-size: 80px;\"><strong><span style=\"font-family: Poppins;\">2,027<\/span><\/strong><\/span><\/p>\r\n<p><span style=\"color: #ffdf37; font-size: 60px;\"><strong><span style=\"font-family: Poppins;\">Mujeres <\/span><\/strong><\/span><\/p>\r\n<p><span style=\"color: #ffdf37; font-size: 60px;\"><strong><span style=\"font-family: Poppins;\">con <\/span><\/strong><\/span><\/p>\r\n<p><span style=\"color: #ffdf37; font-size: 47px;\"><strong><span style=\"font-family: Poppins;\">endometriosis<\/span><\/strong><\/span><\/p>\r\n<p><span style=\"font-family: Poppins; font-size: 16px; color: #000000;\">Ni\u00f1as, j\u00f3venes y mujeres con endometriosis que han colaborado con el censo (este contador se actualiza autom\u00e1ticamente todos los d\u00edas a las 21:00 Hrs)<\/span><\/p>\r\n<p><!-- \/wp:columns --><\/p>","protected":false},"excerpt":{"rendered":"<p>El alivio del dolor deber\u00eda ser un derecho humano. OMS conmemora D\u00eda Mundial contra el Dolor, por primera vez en 2004. En el a\u00f1o 2009, pacientes con endometriosis, tuvimos la fortuna de conocernos, compartirnos nuestras historias y nos dimos cuenta de que todas hab\u00edamos pasado por lo mismo; largos tratamientos sin resultado, un peregrinar de [&hellip;]<\/p>\n","protected":false},"author":1,"featured_media":0,"parent":0,"menu_order":0,"comment_status":"closed","ping_status":"closed","template":"page-templates\/no-sidebar.php","meta":{"_monsterinsights_skip_tracking":false,"_monsterinsights_sitenote_active":false,"_monsterinsights_sitenote_note":"","_monsterinsights_sitenote_category":0,"footnotes":""},"_links":{"self":[{"href":"https:\/\/endometriosismexico.com\/index.php\/wp-json\/wp\/v2\/pages\/2"}],"collection":[{"href":"https:\/\/endometriosismexico.com\/index.php\/wp-json\/wp\/v2\/pages"}],"about":[{"href":"https:\/\/endometriosismexico.com\/index.php\/wp-json\/wp\/v2\/types\/page"}],"author":[{"embeddable":true,"href":"https:\/\/endometriosismexico.com\/index.php\/wp-json\/wp\/v2\/users\/1"}],"replies":[{"embeddable":true,"href":"https:\/\/endometriosismexico.com\/index.php\/wp-json\/wp\/v2\/comments?post=2"}],"version-history":[{"count":88,"href":"https:\/\/endometriosismexico.com\/index.php\/wp-json\/wp\/v2\/pages\/2\/revisions"}],"predecessor-version":[{"id":794,"href":"https:\/\/endometriosismexico.com\/index.php\/wp-json\/wp\/v2\/pages\/2\/revisions\/794"}],"wp:attachment":[{"href":"https:\/\/endometriosismexico.com\/index.php\/wp-json\/wp\/v2\/media?parent=2"}],"curies":[{"name":"wp","href":"https:\/\/api.w.org\/{rel}","templated":true}]}}