{"id":271,"date":"2021-12-12T03:32:20","date_gmt":"2021-12-12T03:32:20","guid":{"rendered":"https:\/\/endometriosismexico.com\/?page_id=271"},"modified":"2025-02-20T02:09:59","modified_gmt":"2025-02-20T02:09:59","slug":"que-es-la-endometriosis","status":"publish","type":"page","link":"https:\/\/endometriosismexico.com\/index.php\/que-es-la-endometriosis\/","title":{"rendered":"\u00bfQu\u00e9 es la endometriosis?"},"content":{"rendered":"<p><\/p>\r\n<p><\/p>\r\n<p><span style=\"color: #000000; font-family: Poppins;\"><span style=\"font-size: 22px;\"><strong>Endometriosis viene de la palabra endometrio<\/strong><\/span>, que es el tejido que rodea al \u00fatero, el cual, cada 28 o 30 d\u00edas, al no presentarse un embarazo, \u00e9ste se desprende y se desecha, que es lo que conocemos como menstruaci\u00f3n.<\/span><\/p>\r\n<p><span style=\"font-family: Poppins;\"><\/span><\/p>\r\n<p><span style=\"font-family: Poppins;\"><\/span><\/p>\r\n<div class=\"wp-block-image\">\r\n<figure class=\"aligncenter size-large\"><span style=\"font-family: Poppins;\"><span style=\"color: #000000;\">La endometriosis se presenta, cuando, por causas a\u00fan desconocidas, existe <strong>tejido similar<\/strong> al <\/span><strong style=\"color: #000000;\">endometrio fuera del \u00fatero<\/strong><span style=\"color: #000000;\">, present\u00e1ndose en zona p\u00e9lvica, como por ejemplo: ovarios, trompas de falopio, vejiga, paredes internas, recto, etc. El endometrio va creciendo y desarroll\u00e1ndose, formando quistes, adherencias y tumores.<\/span><\/span><\/figure>\r\n<\/div>\r\n<p><img loading=\"lazy\" decoding=\"async\" class=\" wp-image-482 aligncenter\" src=\"https:\/\/endometriosismexico.com\/wp-content\/uploads\/2024\/01\/endo-ilustracion-300x130.png\" alt=\"\" width=\"743\" height=\"322\" srcset=\"https:\/\/endometriosismexico.com\/wp-content\/uploads\/2024\/01\/endo-ilustracion-300x130.png 300w, https:\/\/endometriosismexico.com\/wp-content\/uploads\/2024\/01\/endo-ilustracion-1024x445.png 1024w, https:\/\/endometriosismexico.com\/wp-content\/uploads\/2024\/01\/endo-ilustracion-768x333.png 768w, https:\/\/endometriosismexico.com\/wp-content\/uploads\/2024\/01\/endo-ilustracion.png 1200w\" sizes=\"(max-width: 743px) 100vw, 743px\" \/><\/p>\r\n<p>&nbsp;<\/p>\r\n<p><\/p>\r\n<p><\/p>\r\n<p><\/p>\r\n<p><span style=\"color: #000000; font-family: Poppins;\">Los sitios m\u00e1s comunes donde se forma endometriosis es en la regi\u00f3n abdominal, desarroll\u00e1ndose en ovarios,\u00a0los cuales\u00a0son llamados <strong>endometriomas<\/strong>, en trompas de falopio, ligamentos que sostienen al \u00fatero, el \u00e1rea entre la vagina y el recto, la superficie externa del \u00fatero y el recubrimiento de la cavidad p\u00e9lvica. Sin embargo, la endometriosis puede ir a\u00fan m\u00e1s lejos, pues es muy com\u00fan encontrarla en intestinos y en otros \u00f3rganos como pulmones, ri\u00f1ones y en casos m\u00e1s severos, pero menos frecuentes en o\u00eddos, nariz, piel, nervios, entre otros.<\/span><\/p>\r\n<p><span style=\"font-family: Poppins;\"><\/span><\/p>\r\n<p><span style=\"font-family: Poppins;\"><\/span><\/p>\r\n<p><span style=\"color: #000000; font-family: Poppins;\">Para la gran mayor\u00eda de las mujeres, tener endometriosis es una condici\u00f3n que las debilita mucho, tener dolor cada mes, que con el paso del tiempo, se hacen m\u00e1s fuertes, que llegan a incapacitar.<\/span><\/p>\r\n<p><span style=\"color: #000000; font-family: Poppins;\"><\/span><\/p>\r\n<p><span style=\"font-family: Poppins;\"><\/span><\/p>\r\n<p><span style=\"color: #000000; font-family: Poppins;\">Esta enfermedad afecta la calidad de vida de las mujeres en todos los aspectos, por mencionar algunos:<\/span><\/p>\r\n<p><span style=\"color: #000000; font-family: Poppins;\"><\/span><\/p>\r\n<p><span style=\"font-family: Poppins;\"><\/span><\/p>\r\n<ul>\r\n<li><span style=\"font-family: Poppins;\"><strong><span style=\"color: #000000;\">Vivir con dolor.<\/span><\/strong><\/span><\/li>\r\n<li><span style=\"font-family: Poppins;\"><strong><span style=\"color: #000000;\">Incertidumbre.<\/span><\/strong><\/span><\/li>\r\n<li><span style=\"font-family: Poppins;\"><strong><span style=\"color: #000000;\">Faltas a la escuela.<\/span><\/strong><\/span><\/li>\r\n<li><span style=\"font-family: Poppins;\"><strong><span style=\"color: #000000;\">Faltas al trabajo, incapacidad en caso de cirug\u00eda, que se han traducido en despidos laborales.<\/span><\/strong><\/span><\/li>\r\n<li><span style=\"font-family: Poppins;\"><strong><span style=\"color: #000000;\">Afectaci\u00f3n en algunos casos con la familia, por tener el s\u00edntoma de infertilidad o bien, dolor en relaciones sexuales, que se han traducido en separaciones.<\/span><\/strong><\/span><\/li>\r\n<li><span style=\"font-family: Poppins;\"><strong><span style=\"color: #000000;\">La vida de una mujer con endometriosis cambia y puede afectarle socialmente, la gente no entiende lo que le sucede y la van dejando sola.<\/span><\/strong><\/span><\/li>\r\n<\/ul>\r\n<p>&nbsp;<\/p>\r\n<p><span style=\"font-size: 32px; font-family: Poppins;\"><span style=\"color: #ffdf37;\"><strong><span style=\"font-size: 48px;\">S\u00edntomas<\/span><\/strong><\/span>\u00a0 \u00a0 \u00a0<span style=\"font-size: 16px; color: #000000;\">La endometriosis es una enfermedad que puede provocar muchos s\u00edntomas en una mujer, pero tambi\u00e9n hay quienes no tienen ninguno, llamadas asintom\u00e1ticas. En este tipo de pacientes generalmente se detecta cuando no pueden lograr el embarazo y no hay aparentemente nada que lo impida. O incluso, ingresan a cirug\u00eda, aparentemente por otras causas, como apendicitis y en el quir\u00f3fano se dan cuenta de que no es el ap\u00e9ndice, es endometriosis. Sin embargo, el dolor p\u00e9lvico suele ser el s\u00edntoma m\u00e1s com\u00fan en la endometriosis y por lo regular se intensifica durante la menstruaci\u00f3n. Estos c\u00f3licos menstruales se vuelven incapacitantes y pueden aumentar con el paso de los a\u00f1os.<\/span><\/span><\/p>\r\n<p><span style=\"color: #000000;\"><\/span><\/p>\r\n<p><\/p>\r\n<p><div class='content-column one_half'><img loading=\"lazy\" decoding=\"async\" class=\"alignnone  wp-image-494\" src=\"https:\/\/endometriosismexico.com\/wp-content\/uploads\/2024\/01\/drfgu-300x258.png\" alt=\"\" width=\"480\" height=\"413\" srcset=\"https:\/\/endometriosismexico.com\/wp-content\/uploads\/2024\/01\/drfgu-300x258.png 300w, https:\/\/endometriosismexico.com\/wp-content\/uploads\/2024\/01\/drfgu-240x206.png 240w, https:\/\/endometriosismexico.com\/wp-content\/uploads\/2024\/01\/drfgu.png 542w\" sizes=\"(max-width: 480px) 100vw, 480px\" \/><\/div><div class='content-column one_half last_column'><span style=\"color: #000000;\">E<span style=\"font-family: Poppins;\">ntre los s\u00edntomas m\u00e1s comunes est\u00e1n:\u00a0 <\/span><\/span><\/p>\r\n<p><span style=\"font-family: Poppins;\"><strong><span style=\"color: #000000;\">C\u00f3licos menstruales de moderados a severos y progresivos.<\/span><\/strong><\/span><br \/><span style=\"font-family: Poppins;\"><strong><span style=\"color: #000000;\">Dolor p\u00e9lvico no solamente durante el periodo.<\/span><\/strong><\/span><br \/><span style=\"font-family: Poppins;\"><strong><span style=\"color: #000000;\">Dolor durante las relaciones sexuales (dispareunia).<\/span><\/strong><\/span><br \/><span style=\"font-family: Poppins;\"><strong><span style=\"color: #000000;\">Infertilidad.<\/span><\/strong><\/span><br \/><span style=\"font-family: Poppins;\"><strong><span style=\"color: #000000;\">Sangrados irregulares y abundantes.<\/span><\/strong><\/span><br \/><span style=\"font-family: Poppins;\"><strong><span style=\"color: #000000;\">Afecciones al est\u00f3mago: colitis, gastritis, estre\u00f1imiento, diarrea.<\/span><\/strong><\/span><br \/><span style=\"font-family: Poppins;\"><strong><span style=\"color: #000000;\">Dolor de espalda.<\/span><\/strong><\/span><br \/><span style=\"font-family: Poppins;\"><strong><span style=\"color: #000000;\">Alergias.<\/span><\/strong><\/span><br \/><span style=\"font-family: Poppins;\"><strong><span style=\"color: #000000;\">Infecciones urinarias y vaginales. Dolor al defecar u orinar.<\/span><\/strong><\/span><br \/><span style=\"font-family: Poppins;\"><strong><span style=\"color: #000000;\">Mucho cansancio diario.<\/span><\/strong><\/span><br \/><span style=\"font-family: Poppins;\"><strong><span style=\"color: #000000;\">Cuadros de dolor cr\u00f3nico en otras \u00e1reas no ginecol\u00f3gicas.<\/span><\/strong><\/span><br \/><span style=\"font-family: Poppins;\"><strong><span style=\"color: #000000;\">La endometriosis se relaciona con otras enfermedades inmunes como fibromialgia, fatiga cr\u00f3nica, diabetes, lupus, artritis reumatoide, etc.<\/span><\/strong><\/span><\/div><div class='clear_column'><\/div><\/p>\r\n<p><\/p>","protected":false},"excerpt":{"rendered":"<p>Endometriosis viene de la palabra endometrio, que es el tejido que rodea al \u00fatero, el cual, cada 28 o 30 d\u00edas, al no presentarse un embarazo, \u00e9ste se desprende y se desecha, que es lo que conocemos como menstruaci\u00f3n. Los sitios m\u00e1s comunes donde se forma endometriosis es en la regi\u00f3n abdominal, desarroll\u00e1ndose en ovarios,\u00a0los [&hellip;]<\/p>\n","protected":false},"author":1,"featured_media":532,"parent":0,"menu_order":0,"comment_status":"closed","ping_status":"closed","template":"page-templates\/no-sidebar.php","meta":{"_monsterinsights_skip_tracking":false,"_monsterinsights_sitenote_active":false,"_monsterinsights_sitenote_note":"","_monsterinsights_sitenote_category":0,"footnotes":""},"_links":{"self":[{"href":"https:\/\/endometriosismexico.com\/index.php\/wp-json\/wp\/v2\/pages\/271"}],"collection":[{"href":"https:\/\/endometriosismexico.com\/index.php\/wp-json\/wp\/v2\/pages"}],"about":[{"href":"https:\/\/endometriosismexico.com\/index.php\/wp-json\/wp\/v2\/types\/page"}],"author":[{"embeddable":true,"href":"https:\/\/endometriosismexico.com\/index.php\/wp-json\/wp\/v2\/users\/1"}],"replies":[{"embeddable":true,"href":"https:\/\/endometriosismexico.com\/index.php\/wp-json\/wp\/v2\/comments?post=271"}],"version-history":[{"count":54,"href":"https:\/\/endometriosismexico.com\/index.php\/wp-json\/wp\/v2\/pages\/271\/revisions"}],"predecessor-version":[{"id":844,"href":"https:\/\/endometriosismexico.com\/index.php\/wp-json\/wp\/v2\/pages\/271\/revisions\/844"}],"wp:featuredmedia":[{"embeddable":true,"href":"https:\/\/endometriosismexico.com\/index.php\/wp-json\/wp\/v2\/media\/532"}],"wp:attachment":[{"href":"https:\/\/endometriosismexico.com\/index.php\/wp-json\/wp\/v2\/media?parent=271"}],"curies":[{"name":"wp","href":"https:\/\/api.w.org\/{rel}","templated":true}]}}